{"id":21879,"date":"2026-04-23T15:38:47","date_gmt":"2026-04-23T13:38:47","guid":{"rendered":"https:\/\/pqc.es\/rdi\/"},"modified":"2026-04-24T13:38:22","modified_gmt":"2026-04-24T11:38:22","slug":"rdi","status":"publish","type":"page","link":"https:\/\/pqc.es\/en\/rdi\/","title":{"rendered":"R&amp;D&amp;I"},"content":{"rendered":"\t\t<div data-elementor-type=\"wp-page\" data-elementor-id=\"21879\" class=\"elementor elementor-21879 elementor-21689\" data-elementor-post-type=\"page\">\n\t\t\t\t<div class=\"elementor-element elementor-element-d8dff35 e-con-full e-flex e-con e-parent\" data-id=\"d8dff35\" data-element_type=\"container\" data-e-type=\"container\">\n\t\t<div class=\"elementor-element elementor-element-7d85c4c e-con-full e-flex e-con e-child\" data-id=\"7d85c4c\" data-element_type=\"container\" data-e-type=\"container\">\n\t\t<div class=\"elementor-element elementor-element-5e1efa7 e-con-full e-flex e-con e-child\" data-id=\"5e1efa7\" data-element_type=\"container\" data-e-type=\"container\">\n\t\t<div class=\"elementor-element elementor-element-0ccc285 e-con-full e-flex e-con e-child\" data-id=\"0ccc285\" data-element_type=\"container\" data-e-type=\"container\">\n\t\t<div class=\"elementor-element elementor-element-d47c3bc e-con-full e-flex e-con e-child\" data-id=\"d47c3bc\" data-element_type=\"container\" data-e-type=\"container\">\n\t\t\t\t<div class=\"elementor-element elementor-element-48d710f elementor-invisible elementor-widget elementor-widget-heading\" data-id=\"48d710f\" data-element_type=\"widget\" data-e-type=\"widget\" data-settings=\"{&quot;_animation&quot;:&quot;fadeInUp&quot;,&quot;_animation_delay&quot;:200}\" data-widget_type=\"heading.default\">\n\t\t\t\t<div class=\"elementor-widget-container\">\n\t\t\t\t\t<h2 class=\"elementor-heading-title elementor-size-default\">PROJECT<\/h2>\t\t\t\t<\/div>\n\t\t\t\t<\/div>\n\t\t\t\t<div class=\"elementor-element elementor-element-86d1161 elementor-invisible elementor-widget elementor-widget-heading\" data-id=\"86d1161\" data-element_type=\"widget\" data-e-type=\"widget\" data-settings=\"{&quot;_animation&quot;:&quot;fadeInUp&quot;,&quot;_animation_delay&quot;:300}\" data-widget_type=\"heading.default\">\n\t\t\t\t<div class=\"elementor-widget-container\">\n\t\t\t\t\t<h2 class=\"elementor-heading-title elementor-size-default\">R&amp;D&amp;I<\/h2>\t\t\t\t<\/div>\n\t\t\t\t<\/div>\n\t\t\t\t<\/div>\n\t\t<div class=\"elementor-element elementor-element-7ed4637 e-con-full e-flex e-con e-child\" data-id=\"7ed4637\" data-element_type=\"container\" data-e-type=\"container\">\n\t\t\t\t<\/div>\n\t\t\t\t<\/div>\n\t\t\t\t<\/div>\n\t\t\t\t<\/div>\n\t\t\t\t<\/div>\n\t\t<div class=\"elementor-element elementor-element-d28f202 e-con-full e-flex e-con e-parent\" data-id=\"d28f202\" data-element_type=\"container\" data-e-type=\"container\">\n\t\t<div class=\"elementor-element elementor-element-765d75f e-con-full e-flex e-con e-child\" data-id=\"765d75f\" data-element_type=\"container\" data-e-type=\"container\">\n\t\t<div class=\"elementor-element elementor-element-49b4bb4 e-con-full e-flex e-con e-child\" data-id=\"49b4bb4\" data-element_type=\"container\" data-e-type=\"container\">\n\t\t<div class=\"elementor-element elementor-element-3e7dc71 e-con-full e-flex e-con e-child\" data-id=\"3e7dc71\" data-element_type=\"container\" data-e-type=\"container\">\n\t\t<div class=\"elementor-element elementor-element-51fa384 e-con-full divider-section e-flex e-con e-child\" data-id=\"51fa384\" data-element_type=\"container\" data-e-type=\"container\" data-settings=\"{&quot;background_background&quot;:&quot;classic&quot;}\">\n\t\t\t\t<div class=\"elementor-element elementor-element-8c2170c animated-divider elementor-widget-divider--view-line elementor-widget elementor-widget-divider\" data-id=\"8c2170c\" data-element_type=\"widget\" data-e-type=\"widget\" data-widget_type=\"divider.default\">\n\t\t\t\t<div class=\"elementor-widget-container\">\n\t\t\t\t\t\t\t<div class=\"elementor-divider\">\n\t\t\t<span class=\"elementor-divider-separator\">\n\t\t\t\t\t\t<\/span>\n\t\t<\/div>\n\t\t\t\t\t\t<\/div>\n\t\t\t\t<\/div>\n\t\t\t\t<\/div>\n\t\t<div class=\"elementor-element elementor-element-d6d438b e-con-full e-flex e-con e-child\" data-id=\"d6d438b\" data-element_type=\"container\" data-e-type=\"container\">\n\t\t<div class=\"elementor-element elementor-element-f3e7d95 e-con-full e-flex e-con e-child\" data-id=\"f3e7d95\" data-element_type=\"container\" data-e-type=\"container\">\n\t\t\t\t<div class=\"elementor-element elementor-element-ba9ffac elementor-widget__width-initial elementor-invisible elementor-widget elementor-widget-cyberdom_core_section_title\" data-id=\"ba9ffac\" data-element_type=\"widget\" data-e-type=\"widget\" data-settings=\"{&quot;_animation&quot;:&quot;fadeInUp&quot;,&quot;_animation_delay&quot;:400}\" data-widget_type=\"cyberdom_core_section_title.default\">\n\t\t\t\t<div class=\"elementor-widget-container\">\n\t\t\t\t\t<div class=\"qodef-shortcode qodef-m  qodef-section-title qodef-alignment--left  qodef-appear-animation--no \">\n\t    <div class=\"qodef-m-subtitle-holder\" style=\"margin-bottom: 11px;color: #1B2C4A\">\n        <span class=\"qodef-m-subtitle\" style=\"color: #1B2C4A\">\n            Datia PROJECT        <\/span>\n    <\/div>\n\t\t\t<\/div>\n\t\t\t\t<\/div>\n\t\t\t\t<\/div>\n\t\t\t\t<\/div>\n\t\t<div class=\"elementor-element elementor-element-ff82e29 e-con-full e-flex elementor-invisible e-con e-child\" data-id=\"ff82e29\" data-element_type=\"container\" data-e-type=\"container\" data-settings=\"{&quot;animation&quot;:&quot;fadeInUp&quot;,&quot;animation_delay&quot;:300}\">\n\t\t\t\t<div class=\"elementor-element elementor-element-9935cd5 elementor-widget elementor-widget-text-editor\" data-id=\"9935cd5\" data-element_type=\"widget\" data-e-type=\"widget\" data-widget_type=\"text-editor.default\">\n\t\t\t\t<div class=\"elementor-widget-container\">\n\t\t\t\t\t\t\t\t\t<p>This project has been co-financed by the European Regional Development Fund (ERDF) within the Operational Program of the Community of Madrid 2021-2027.<\/p>\t\t\t\t\t\t\t\t<\/div>\n\t\t\t\t<\/div>\n\t\t\t\t<\/div>\n\t\t\t\t<\/div>\n\t\t\t\t<\/div>\n\t\t\t\t<\/div>\n\t\t\t\t<\/div>\n\t\t\t\t<\/div>\n\t\t<div class=\"elementor-element elementor-element-fd1aab3 e-con-full e-flex e-con e-parent\" data-id=\"fd1aab3\" data-element_type=\"container\" data-e-type=\"container\">\n\t\t<div class=\"elementor-element elementor-element-f5c12be e-con-full e-flex e-con e-child\" data-id=\"f5c12be\" data-element_type=\"container\" data-e-type=\"container\">\n\t\t<div class=\"elementor-element elementor-element-0108c61 e-con-full e-flex e-con e-child\" data-id=\"0108c61\" data-element_type=\"container\" data-e-type=\"container\">\n\t\t<div class=\"elementor-element elementor-element-bf82f29 e-con-full e-flex elementor-invisible e-con e-child\" data-id=\"bf82f29\" data-element_type=\"container\" data-e-type=\"container\" data-settings=\"{&quot;animation&quot;:&quot;fadeInUp&quot;,&quot;animation_laptop&quot;:&quot;none&quot;,&quot;animation_delay&quot;:200}\">\n\t\t<div class=\"elementor-element elementor-element-528621d e-con-full e-flex e-con e-child\" data-id=\"528621d\" data-element_type=\"container\" data-e-type=\"container\">\n\t\t\t\t<div class=\"elementor-element elementor-element-242a576 elementor-widget elementor-widget-text-editor\" data-id=\"242a576\" data-element_type=\"widget\" data-e-type=\"widget\" data-widget_type=\"text-editor.default\">\n\t\t\t\t<div class=\"elementor-widget-container\">\n\t\t\t\t\t\t\t\t\t<p>Participating companies:<\/p><ul><li>COBRA SOLUCIONES, S.L. (leader)<\/li><li>CEP RENEWABLES, S.L.<\/li><li>ICOMMUNITY LABS &amp; TECH SLBLES, S.L.<\/li><li>FUTURE SPACE S.A.<\/li><li>GLOBAL FACTOR INTERNATIONAL CONSULTING<\/li><li>S.L.U.<\/li><li>IMDEA SOFTWARE FOUNDATION<\/li><li>MYTRA CONTROL S.L.<\/li><li>PQC POWER QUALITY CONTROL, S.L.<\/li><\/ul>\t\t\t\t\t\t\t\t<\/div>\n\t\t\t\t<\/div>\n\t\t\t\t<\/div>\n\t\t\t\t<\/div>\n\t\t<div class=\"elementor-element elementor-element-cdb5640 e-con-full e-flex e-con e-child\" data-id=\"cdb5640\" data-element_type=\"container\" data-e-type=\"container\">\n\t\t<div class=\"elementor-element elementor-element-610b65e e-con-full e-flex e-con e-child\" data-id=\"610b65e\" data-element_type=\"container\" data-e-type=\"container\">\n\t\t<div class=\"elementor-element elementor-element-7b6d94a e-con-full divider-section e-flex e-con e-child\" data-id=\"7b6d94a\" data-element_type=\"container\" data-e-type=\"container\" data-settings=\"{&quot;background_background&quot;:&quot;classic&quot;}\">\n\t\t\t\t<div class=\"elementor-element elementor-element-7472b12 animated-divider elementor-widget-divider--view-line elementor-widget elementor-widget-divider\" data-id=\"7472b12\" data-element_type=\"widget\" data-e-type=\"widget\" data-widget_type=\"divider.default\">\n\t\t\t\t<div class=\"elementor-widget-container\">\n\t\t\t\t\t\t\t<div class=\"elementor-divider\">\n\t\t\t<span class=\"elementor-divider-separator\">\n\t\t\t\t\t\t<\/span>\n\t\t<\/div>\n\t\t\t\t\t\t<\/div>\n\t\t\t\t<\/div>\n\t\t\t\t<\/div>\n\t\t\t\t<\/div>\n\t\t<div class=\"elementor-element elementor-element-ad8ae1e e-con-full e-flex e-con e-child\" data-id=\"ad8ae1e\" data-element_type=\"container\" data-e-type=\"container\" data-settings=\"{&quot;background_background&quot;:&quot;classic&quot;}\">\n\t\t\t\t<div class=\"elementor-element elementor-element-d24160e elementor-widget elementor-widget-html\" data-id=\"d24160e\" data-element_type=\"widget\" data-e-type=\"widget\" data-widget_type=\"html.default\">\n\t\t\t\t<div class=\"elementor-widget-container\">\n\t\t\t\t\t<div class=\"pqc-parallax-container\">\n  <img decoding=\"async\" src=\"https:\/\/pqc.es\/wp-content\/uploads\/2026\/04\/computer-network-server-room-or-data-center-2026-03-24-15-36-15-utc_PQC-scaled.jpg\" class=\"pqc-parallax-media\" alt=\"\">\n<\/div>\n\n<style>\n.pqc-parallax-container {\n  position: relative;\n  width: 100%;\n  aspect-ratio: 16 \/ 9;\n  overflow: hidden;\n  isolation: isolate;\n}\n\n\/* DESKTOP (parallax activo) *\/\n.pqc-parallax-media {\n  position: absolute;\n  inset: -20% 0;\n  width: 100%;\n  height: 140%;\n  object-fit: cover;\n\n  transform: translateZ(0);\n  will-change: transform;\n}\n\n\/* TABLET + M\u00d3VIL \u2192 sin parallax *\/\n@media (max-width: 1024px) {\n  .pqc-parallax-container {\n    aspect-ratio: auto;\n  }\n\n  .pqc-parallax-media {\n    position: relative;\n    inset: auto;\n    width: 100%;\n    height: auto;\n    object-fit: cover;\n    transform: none !important;\n  }\n}\n<\/style>\n\n<script>\n(function(){\n  \/\/ SOLO desktop\n  if (window.innerWidth <= 1024) return;\n\n  const speed = 0.3;\n  const max = 80;\n  const medias = document.querySelectorAll('.pqc-parallax-media');\n  let ticking = false;\n\n  function updateParallax(){\n    const scrollY = window.scrollY;\n    const wh = window.innerHeight;\n\n    medias.forEach(media => {\n      const container = media.parentElement;\n      const rect = container.getBoundingClientRect();\n      const offsetTop = rect.top + scrollY;\n\n      let y = (scrollY - offsetTop + wh\/2) * speed;\n      y = Math.max(-max, Math.min(max, y));\n\n      media.style.transform = `translateY(${y}px)`;\n    });\n\n    ticking = false;\n  }\n\n  function requestTick(){\n    if(!ticking){\n      requestAnimationFrame(updateParallax);\n      ticking = true;\n    }\n  }\n\n  updateParallax();\n  window.addEventListener('scroll', requestTick, { passive: true });\n})();\n<\/script>\t\t\t\t<\/div>\n\t\t\t\t<\/div>\n\t\t\t\t<\/div>\n\t\t\t\t<div class=\"elementor-element elementor-element-3138ba7 elementor-widget__width-initial elementor-invisible elementor-widget elementor-widget-text-editor\" data-id=\"3138ba7\" data-element_type=\"widget\" data-e-type=\"widget\" data-settings=\"{&quot;_animation&quot;:&quot;fadeIn&quot;,&quot;_animation_delay&quot;:200}\" data-widget_type=\"text-editor.default\">\n\t\t\t\t<div class=\"elementor-widget-container\">\n\t\t\t\t\t\t\t\t\t<p>The project carried out by PQC, POWER QUALITY CONTROL, S.L. is a project that aims to investigate the operation, maintenance and energy management of Data Processing Centers through the use of AI to achieve climate neutrality.<\/p>\t\t\t\t\t\t\t\t<\/div>\n\t\t\t\t<\/div>\n\t\t<div class=\"elementor-element elementor-element-e4c091b e-con-full e-flex e-con e-child\" data-id=\"e4c091b\" data-element_type=\"container\" data-e-type=\"container\" data-settings=\"{&quot;background_background&quot;:&quot;classic&quot;}\">\n\t\t\t\t<\/div>\n\t\t\t\t<\/div>\n\t\t\t\t<\/div>\n\t\t\t\t<\/div>\n\t\t\t\t<\/div>\n\t\t\t\t<\/div>\n\t\t","protected":false},"excerpt":{"rendered":"<p>PROJECT R&amp;D&amp;I Datia PROJECT This project has been co-financed by the European Regional Development Fund (ERDF) within the Operational Program of the Community of Madrid 2021-2027. Participating companies: COBRA SOLUCIONES, S.L. (leader) CEP RENEWABLES, S.L. ICOMMUNITY LABS &amp; TECH SLBLES, S.L. FUTURE SPACE S.A. GLOBAL FACTOR INTERNATIONAL CONSULTING S.L.U. IMDEA SOFTWARE FOUNDATION MYTRA CONTROL S.L. [&hellip;]<\/p>\n","protected":false},"author":1,"featured_media":0,"parent":0,"menu_order":0,"comment_status":"closed","ping_status":"closed","template":"page-full-width.php","meta":{"_acf_changed":false,"footnotes":""},"class_list":["post-21879","page","type-page","status-publish","hentry"],"acf":[],"yoast_head":"<!-- This site is optimized with the Yoast SEO plugin v27.2 - https:\/\/yoast.com\/product\/yoast-seo-wordpress\/ -->\n<title>R&amp;D&amp;I - PQC<\/title>\n<meta name=\"robots\" content=\"index, follow, max-snippet:-1, max-image-preview:large, max-video-preview:-1\" \/>\n<link rel=\"canonical\" href=\"https:\/\/pqc.es\/en\/rdi\/\" \/>\n<meta property=\"og:locale\" content=\"en_US\" \/>\n<meta property=\"og:type\" content=\"article\" \/>\n<meta property=\"og:title\" content=\"R&amp;D&amp;I - PQC\" \/>\n<meta property=\"og:description\" content=\"PROJECT R&amp;D&amp;I Datia PROJECT This project has been co-financed by the European Regional Development Fund (ERDF) within the Operational Program of the Community of Madrid 2021-2027. Participating companies: COBRA SOLUCIONES, S.L. (leader) CEP RENEWABLES, S.L. ICOMMUNITY LABS &amp; TECH SLBLES, S.L. FUTURE SPACE S.A. GLOBAL FACTOR INTERNATIONAL CONSULTING S.L.U. IMDEA SOFTWARE FOUNDATION MYTRA CONTROL S.L. [&hellip;]\" \/>\n<meta property=\"og:url\" content=\"https:\/\/pqc.es\/en\/rdi\/\" \/>\n<meta property=\"og:site_name\" content=\"PQC\" \/>\n<meta property=\"article:modified_time\" content=\"2026-04-24T11:38:22+00:00\" \/>\n<meta property=\"og:image\" content=\"https:\/\/pqc.es\/wp-content\/uploads\/2026\/04\/computer-network-server-room-or-data-center-2026-03-24-15-36-15-utc_PQC-scaled.jpg\" \/>\n<meta name=\"twitter:card\" content=\"summary_large_image\" \/>\n<meta name=\"twitter:label1\" content=\"Est. reading time\" \/>\n\t<meta name=\"twitter:data1\" content=\"1 minute\" \/>\n<script type=\"application\/ld+json\" class=\"yoast-schema-graph\">{\"@context\":\"https:\/\/schema.org\",\"@graph\":[{\"@type\":\"WebPage\",\"@id\":\"https:\/\/pqc.es\/en\/rdi\/\",\"url\":\"https:\/\/pqc.es\/en\/rdi\/\",\"name\":\"R&amp;D&amp;I - PQC\",\"isPartOf\":{\"@id\":\"https:\/\/pqc.es\/#website\"},\"primaryImageOfPage\":{\"@id\":\"https:\/\/pqc.es\/en\/rdi\/#primaryimage\"},\"image\":{\"@id\":\"https:\/\/pqc.es\/en\/rdi\/#primaryimage\"},\"thumbnailUrl\":\"https:\/\/pqc.es\/wp-content\/uploads\/2026\/04\/computer-network-server-room-or-data-center-2026-03-24-15-36-15-utc_PQC-scaled.jpg\",\"datePublished\":\"2026-04-23T13:38:47+00:00\",\"dateModified\":\"2026-04-24T11:38:22+00:00\",\"breadcrumb\":{\"@id\":\"https:\/\/pqc.es\/en\/rdi\/#breadcrumb\"},\"inLanguage\":\"en-US\",\"potentialAction\":[{\"@type\":\"ReadAction\",\"target\":[\"https:\/\/pqc.es\/en\/rdi\/\"]}]},{\"@type\":\"ImageObject\",\"inLanguage\":\"en-US\",\"@id\":\"https:\/\/pqc.es\/en\/rdi\/#primaryimage\",\"url\":\"https:\/\/pqc.es\/wp-content\/uploads\/2026\/04\/computer-network-server-room-or-data-center-2026-03-24-15-36-15-utc_PQC-scaled.jpg\",\"contentUrl\":\"https:\/\/pqc.es\/wp-content\/uploads\/2026\/04\/computer-network-server-room-or-data-center-2026-03-24-15-36-15-utc_PQC-scaled.jpg\"},{\"@type\":\"BreadcrumbList\",\"@id\":\"https:\/\/pqc.es\/en\/rdi\/#breadcrumb\",\"itemListElement\":[{\"@type\":\"ListItem\",\"position\":1,\"name\":\"Portada\",\"item\":\"https:\/\/pqc.es\/en\/home\/\"},{\"@type\":\"ListItem\",\"position\":2,\"name\":\"R&amp;D&amp;I\"}]},{\"@type\":\"WebSite\",\"@id\":\"https:\/\/pqc.es\/#website\",\"url\":\"https:\/\/pqc.es\/\",\"name\":\"PQC\",\"description\":\"Consultor\u00eda, dise\u00f1o y operaci\u00f3n de Data Centers\",\"publisher\":{\"@id\":\"https:\/\/pqc.es\/#organization\"},\"alternateName\":\"PQC Data Centers\",\"potentialAction\":[{\"@type\":\"SearchAction\",\"target\":{\"@type\":\"EntryPoint\",\"urlTemplate\":\"https:\/\/pqc.es\/?s={search_term_string}\"},\"query-input\":{\"@type\":\"PropertyValueSpecification\",\"valueRequired\":true,\"valueName\":\"search_term_string\"}}],\"inLanguage\":\"en-US\"},{\"@type\":\"Organization\",\"@id\":\"https:\/\/pqc.es\/#organization\",\"name\":\"PQC Data Centers\",\"alternateName\":\"PQC\",\"url\":\"https:\/\/pqc.es\/\",\"logo\":{\"@type\":\"ImageObject\",\"inLanguage\":\"en-US\",\"@id\":\"https:\/\/pqc.es\/#\/schema\/logo\/image\/\",\"url\":\"https:\/\/pqc.es\/wp-content\/uploads\/2026\/03\/LOGO_PQC.png\",\"contentUrl\":\"https:\/\/pqc.es\/wp-content\/uploads\/2026\/03\/LOGO_PQC.png\",\"width\":678,\"height\":625,\"caption\":\"PQC Data Centers\"},\"image\":{\"@id\":\"https:\/\/pqc.es\/#\/schema\/logo\/image\/\"},\"sameAs\":[\"https:\/\/www.linkedin.com\/company\/pqc\/posts\/?feedView=all\"]}]}<\/script>\n<!-- \/ Yoast SEO plugin. -->","yoast_head_json":{"title":"R&amp;D&amp;I - PQC","robots":{"index":"index","follow":"follow","max-snippet":"max-snippet:-1","max-image-preview":"max-image-preview:large","max-video-preview":"max-video-preview:-1"},"canonical":"https:\/\/pqc.es\/en\/rdi\/","og_locale":"en_US","og_type":"article","og_title":"R&amp;D&amp;I - PQC","og_description":"PROJECT R&amp;D&amp;I Datia PROJECT This project has been co-financed by the European Regional Development Fund (ERDF) within the Operational Program of the Community of Madrid 2021-2027. Participating companies: COBRA SOLUCIONES, S.L. (leader) CEP RENEWABLES, S.L. ICOMMUNITY LABS &amp; TECH SLBLES, S.L. FUTURE SPACE S.A. GLOBAL FACTOR INTERNATIONAL CONSULTING S.L.U. IMDEA SOFTWARE FOUNDATION MYTRA CONTROL S.L. [&hellip;]","og_url":"https:\/\/pqc.es\/en\/rdi\/","og_site_name":"PQC","article_modified_time":"2026-04-24T11:38:22+00:00","og_image":[{"url":"https:\/\/pqc.es\/wp-content\/uploads\/2026\/04\/computer-network-server-room-or-data-center-2026-03-24-15-36-15-utc_PQC-scaled.jpg","type":"","width":"","height":""}],"twitter_card":"summary_large_image","twitter_misc":{"Est. reading time":"1 minute"},"schema":{"@context":"https:\/\/schema.org","@graph":[{"@type":"WebPage","@id":"https:\/\/pqc.es\/en\/rdi\/","url":"https:\/\/pqc.es\/en\/rdi\/","name":"R&amp;D&amp;I - PQC","isPartOf":{"@id":"https:\/\/pqc.es\/#website"},"primaryImageOfPage":{"@id":"https:\/\/pqc.es\/en\/rdi\/#primaryimage"},"image":{"@id":"https:\/\/pqc.es\/en\/rdi\/#primaryimage"},"thumbnailUrl":"https:\/\/pqc.es\/wp-content\/uploads\/2026\/04\/computer-network-server-room-or-data-center-2026-03-24-15-36-15-utc_PQC-scaled.jpg","datePublished":"2026-04-23T13:38:47+00:00","dateModified":"2026-04-24T11:38:22+00:00","breadcrumb":{"@id":"https:\/\/pqc.es\/en\/rdi\/#breadcrumb"},"inLanguage":"en-US","potentialAction":[{"@type":"ReadAction","target":["https:\/\/pqc.es\/en\/rdi\/"]}]},{"@type":"ImageObject","inLanguage":"en-US","@id":"https:\/\/pqc.es\/en\/rdi\/#primaryimage","url":"https:\/\/pqc.es\/wp-content\/uploads\/2026\/04\/computer-network-server-room-or-data-center-2026-03-24-15-36-15-utc_PQC-scaled.jpg","contentUrl":"https:\/\/pqc.es\/wp-content\/uploads\/2026\/04\/computer-network-server-room-or-data-center-2026-03-24-15-36-15-utc_PQC-scaled.jpg"},{"@type":"BreadcrumbList","@id":"https:\/\/pqc.es\/en\/rdi\/#breadcrumb","itemListElement":[{"@type":"ListItem","position":1,"name":"Portada","item":"https:\/\/pqc.es\/en\/home\/"},{"@type":"ListItem","position":2,"name":"R&amp;D&amp;I"}]},{"@type":"WebSite","@id":"https:\/\/pqc.es\/#website","url":"https:\/\/pqc.es\/","name":"PQC","description":"Consultor\u00eda, dise\u00f1o y operaci\u00f3n de Data Centers","publisher":{"@id":"https:\/\/pqc.es\/#organization"},"alternateName":"PQC Data Centers","potentialAction":[{"@type":"SearchAction","target":{"@type":"EntryPoint","urlTemplate":"https:\/\/pqc.es\/?s={search_term_string}"},"query-input":{"@type":"PropertyValueSpecification","valueRequired":true,"valueName":"search_term_string"}}],"inLanguage":"en-US"},{"@type":"Organization","@id":"https:\/\/pqc.es\/#organization","name":"PQC Data Centers","alternateName":"PQC","url":"https:\/\/pqc.es\/","logo":{"@type":"ImageObject","inLanguage":"en-US","@id":"https:\/\/pqc.es\/#\/schema\/logo\/image\/","url":"https:\/\/pqc.es\/wp-content\/uploads\/2026\/03\/LOGO_PQC.png","contentUrl":"https:\/\/pqc.es\/wp-content\/uploads\/2026\/03\/LOGO_PQC.png","width":678,"height":625,"caption":"PQC Data Centers"},"image":{"@id":"https:\/\/pqc.es\/#\/schema\/logo\/image\/"},"sameAs":["https:\/\/www.linkedin.com\/company\/pqc\/posts\/?feedView=all"]}]}},"_links":{"self":[{"href":"https:\/\/pqc.es\/en\/wp-json\/wp\/v2\/pages\/21879","targetHints":{"allow":["GET"]}}],"collection":[{"href":"https:\/\/pqc.es\/en\/wp-json\/wp\/v2\/pages"}],"about":[{"href":"https:\/\/pqc.es\/en\/wp-json\/wp\/v2\/types\/page"}],"author":[{"embeddable":true,"href":"https:\/\/pqc.es\/en\/wp-json\/wp\/v2\/users\/1"}],"replies":[{"embeddable":true,"href":"https:\/\/pqc.es\/en\/wp-json\/wp\/v2\/comments?post=21879"}],"version-history":[{"count":1,"href":"https:\/\/pqc.es\/en\/wp-json\/wp\/v2\/pages\/21879\/revisions"}],"predecessor-version":[{"id":21880,"href":"https:\/\/pqc.es\/en\/wp-json\/wp\/v2\/pages\/21879\/revisions\/21880"}],"wp:attachment":[{"href":"https:\/\/pqc.es\/en\/wp-json\/wp\/v2\/media?parent=21879"}],"curies":[{"name":"wp","href":"https:\/\/api.w.org\/{rel}","templated":true}]}}