{"id":20652,"date":"2026-02-23T11:35:05","date_gmt":"2026-02-23T10:35:05","guid":{"rendered":"https:\/\/pqc.es\/latest-news\/"},"modified":"2026-03-18T19:02:44","modified_gmt":"2026-03-18T18:02:44","slug":"latest-news","status":"publish","type":"page","link":"https:\/\/pqc.es\/en\/latest-news\/","title":{"rendered":"Latest News"},"content":{"rendered":"\t\t<div data-elementor-type=\"wp-page\" data-elementor-id=\"20652\" class=\"elementor elementor-20652 elementor-17890\" data-elementor-post-type=\"page\">\n\t\t\t\t<div class=\"elementor-element elementor-element-1d7b686 e-con-full e-flex e-con e-parent\" data-id=\"1d7b686\" data-element_type=\"container\" data-e-type=\"container\">\n\t\t<div class=\"elementor-element elementor-element-a5e06ee e-con-full e-flex e-con e-child\" data-id=\"a5e06ee\" data-element_type=\"container\" data-e-type=\"container\">\n\t\t\t\t<div class=\"elementor-element elementor-element-45d7a87 elementor-widget__width-initial elementor-widget elementor-widget-heading\" data-id=\"45d7a87\" data-element_type=\"widget\" data-e-type=\"widget\" data-widget_type=\"heading.default\">\n\t\t\t\t<div class=\"elementor-widget-container\">\n\t\t\t\t\t<h2 class=\"elementor-heading-title elementor-size-default\">FEATURED NEWS<\/h2>\t\t\t\t<\/div>\n\t\t\t\t<\/div>\n\t\t\t\t<\/div>\n\t\t\t\t<\/div>\n\t\t<div class=\"elementor-element elementor-element-e2bd6a3 e-con-full e-flex e-con e-parent\" data-id=\"e2bd6a3\" data-element_type=\"container\" data-e-type=\"container\">\n\t\t<div class=\"elementor-element elementor-element-c3267c3 e-con-full e-flex e-con e-child\" data-id=\"c3267c3\" data-element_type=\"container\" data-e-type=\"container\">\n\t\t\t\t<div class=\"elementor-element elementor-element-038dbac elementor-grid-4 elementor-grid-laptop-3 elementor-grid-tablet-2 elementor-grid-mobile-1 elementor-posts--thumbnail-top elementor-widget elementor-widget-posts\" data-id=\"038dbac\" data-element_type=\"widget\" data-e-type=\"widget\" data-settings=\"{&quot;classic_columns&quot;:&quot;4&quot;,&quot;classic_row_gap&quot;:{&quot;unit&quot;:&quot;px&quot;,&quot;size&quot;:100,&quot;sizes&quot;:[]},&quot;pagination_type&quot;:&quot;numbers_and_prev_next&quot;,&quot;classic_columns_laptop&quot;:&quot;3&quot;,&quot;classic_columns_tablet&quot;:&quot;2&quot;,&quot;classic_columns_mobile&quot;:&quot;1&quot;,&quot;classic_row_gap_widescreen&quot;:{&quot;unit&quot;:&quot;px&quot;,&quot;size&quot;:&quot;&quot;,&quot;sizes&quot;:[]},&quot;classic_row_gap_laptop&quot;:{&quot;unit&quot;:&quot;px&quot;,&quot;size&quot;:&quot;&quot;,&quot;sizes&quot;:[]},&quot;classic_row_gap_tablet&quot;:{&quot;unit&quot;:&quot;px&quot;,&quot;size&quot;:&quot;&quot;,&quot;sizes&quot;:[]},&quot;classic_row_gap_mobile&quot;:{&quot;unit&quot;:&quot;px&quot;,&quot;size&quot;:&quot;&quot;,&quot;sizes&quot;:[]}}\" data-widget_type=\"posts.classic\">\n\t\t\t\t<div class=\"elementor-widget-container\">\n\t\t\t\t\t\t\t<div class=\"elementor-posts-container elementor-posts elementor-posts--skin-classic elementor-grid\" role=\"list\">\n\t\t\t\t<article class=\"elementor-post elementor-grid-item post-21432 noticias type-noticias status-publish hentry\" role=\"listitem\">\n\t\t\t\t<div class=\"elementor-post__text\">\n\t\t\t\t<h2 class=\"elementor-post__title\">\n\t\t\t<a href=\"https:\/\/pqc.es\/en\/noticias\/proyecto-sicma-sicma-proiektua\/\" >\n\t\t\t\tProyecto SICMA &#8211; SICMA proiektua\t\t\t<\/a>\n\t\t<\/h2>\n\t\t\t\t<div class=\"elementor-post__meta-data\">\n\t\t\t\t\t<span class=\"elementor-post-date\">\n\t\t\t16\/04\/2026\t\t<\/span>\n\t\t\t\t<\/div>\n\t\t\t\t<div class=\"elementor-post__excerpt\">\n\t\t\t<p>Actuaci\u00f3n cofinanciada por el Gobierno Vasco y la Uni\u00f3n Europea a trav\u00e9s del fondo europeo de desarrollo regional 2021-2027 (FEDER)<\/p>\n\t\t<\/div>\n\t\t\t\t\t<div class=\"elementor-post__read-more-wrapper\">\n\t\t\n\t\t<a class=\"elementor-post__read-more\" href=\"https:\/\/pqc.es\/en\/noticias\/proyecto-sicma-sicma-proiektua\/\" aria-label=\"Read more about Proyecto SICMA &#8211; SICMA proiektua\" tabindex=\"-1\" >\n\t\t\tRead more \u00bb\t\t<\/a>\n\n\t\t\t\t\t<\/div>\n\t\t\t\t<\/div>\n\t\t\t\t<\/article>\n\t\t\t\t<article class=\"elementor-post elementor-grid-item post-21425 noticias type-noticias status-publish hentry\" role=\"listitem\">\n\t\t\t\t<div class=\"elementor-post__text\">\n\t\t\t\t<h2 class=\"elementor-post__title\">\n\t\t\t<a href=\"https:\/\/pqc.es\/en\/noticias\/proyecto-neuron-proiektua\/\" >\n\t\t\t\tProyecto NEURON \u2013 NEURON proiektua\t\t\t<\/a>\n\t\t<\/h2>\n\t\t\t\t<div class=\"elementor-post__meta-data\">\n\t\t\t\t\t<span class=\"elementor-post-date\">\n\t\t\t16\/04\/2026\t\t<\/span>\n\t\t\t\t<\/div>\n\t\t\t\t<div class=\"elementor-post__excerpt\">\n\t\t\t<p>Actuaci\u00f3n cofinanciada por el Gobierno Vasco y la Uni\u00f3n Europea a trav\u00e9s del fondo europeo de desarrollo regional 2021-2027 (FEDER)<\/p>\n\t\t<\/div>\n\t\t\t\t\t<div class=\"elementor-post__read-more-wrapper\">\n\t\t\n\t\t<a class=\"elementor-post__read-more\" href=\"https:\/\/pqc.es\/en\/noticias\/proyecto-neuron-proiektua\/\" aria-label=\"Read more about Proyecto NEURON \u2013 NEURON proiektua\" tabindex=\"-1\" >\n\t\t\tRead more \u00bb\t\t<\/a>\n\n\t\t\t\t\t<\/div>\n\t\t\t\t<\/div>\n\t\t\t\t<\/article>\n\t\t\t\t<article class=\"elementor-post elementor-grid-item post-21421 noticias type-noticias status-publish hentry\" role=\"listitem\">\n\t\t\t\t<div class=\"elementor-post__text\">\n\t\t\t\t<h2 class=\"elementor-post__title\">\n\t\t\t<a href=\"https:\/\/pqc.es\/en\/noticias\/proyecto-h2integra-proiektua\/\" >\n\t\t\t\tProyecto H2INTEGRA \u2013 H2INTEGRA proiektua\t\t\t<\/a>\n\t\t<\/h2>\n\t\t\t\t<div class=\"elementor-post__meta-data\">\n\t\t\t\t\t<span class=\"elementor-post-date\">\n\t\t\t16\/04\/2026\t\t<\/span>\n\t\t\t\t<\/div>\n\t\t\t\t<div class=\"elementor-post__excerpt\">\n\t\t\t<p>Actuaci\u00f3n cofinanciada por el Gobierno Vasco y la Uni\u00f3n Europea a trav\u00e9s del fondo europeo de desarrollo regional 2021-2027 (FEDER)<\/p>\n\t\t<\/div>\n\t\t\t\t\t<div class=\"elementor-post__read-more-wrapper\">\n\t\t\n\t\t<a class=\"elementor-post__read-more\" href=\"https:\/\/pqc.es\/en\/noticias\/proyecto-h2integra-proiektua\/\" aria-label=\"Read more about Proyecto H2INTEGRA \u2013 H2INTEGRA proiektua\" tabindex=\"-1\" >\n\t\t\tRead more \u00bb\t\t<\/a>\n\n\t\t\t\t\t<\/div>\n\t\t\t\t<\/div>\n\t\t\t\t<\/article>\n\t\t\t\t<article class=\"elementor-post elementor-grid-item post-21362 noticias type-noticias status-publish hentry\" role=\"listitem\">\n\t\t\t\t<div class=\"elementor-post__text\">\n\t\t\t\t<h2 class=\"elementor-post__title\">\n\t\t\t<a href=\"https:\/\/pqc.es\/en\/noticias\/proyecto-datia\/\" >\n\t\t\t\tPROYECTO DATIA\t\t\t<\/a>\n\t\t<\/h2>\n\t\t\t\t<div class=\"elementor-post__meta-data\">\n\t\t\t\t\t<span class=\"elementor-post-date\">\n\t\t\t15\/04\/2026\t\t<\/span>\n\t\t\t\t<\/div>\n\t\t\t\t<div class=\"elementor-post__excerpt\">\n\t\t\t<p>PROYECTO I+D+I<br \/>\n\u3164<br \/>\nProyecto cofinanciado por el Fondo Europeo de Desarrollo Regional (FEDER) dentro del Programa Operativo de la Comunidad de Madrid 2021-2027<\/p>\n\t\t<\/div>\n\t\t\t\t\t<div class=\"elementor-post__read-more-wrapper\">\n\t\t\n\t\t<a class=\"elementor-post__read-more\" href=\"https:\/\/pqc.es\/en\/noticias\/proyecto-datia\/\" aria-label=\"Read more about PROYECTO DATIA\" tabindex=\"-1\" >\n\t\t\tRead more \u00bb\t\t<\/a>\n\n\t\t\t\t\t<\/div>\n\t\t\t\t<\/div>\n\t\t\t\t<\/article>\n\t\t\t\t<article class=\"elementor-post elementor-grid-item post-17834 noticias type-noticias status-publish hentry\" role=\"listitem\">\n\t\t\t\t<div class=\"elementor-post__text\">\n\t\t\t\t<h2 class=\"elementor-post__title\">\n\t\t\t<a href=\"https:\/\/pqc.es\/en\/noticias\/celebracion-del-30-aniversario-de-pqc\/\" >\n\t\t\t\tCelebraci\u00f3n del 30 aniversario de PQC\t\t\t<\/a>\n\t\t<\/h2>\n\t\t\t\t<div class=\"elementor-post__meta-data\">\n\t\t\t\t\t<span class=\"elementor-post-date\">\n\t\t\t10\/02\/2026\t\t<\/span>\n\t\t\t\t<\/div>\n\t\t\t\t<div class=\"elementor-post__excerpt\">\n\t\t\t<p>Una velada que reuni\u00f3 a profesionales del sector data center para celebrar tres d\u00e9cadas de colaboraci\u00f3n, crecimiento y visi\u00f3n de futuro<\/p>\n\t\t<\/div>\n\t\t\t\t\t<div class=\"elementor-post__read-more-wrapper\">\n\t\t\n\t\t<a class=\"elementor-post__read-more\" href=\"https:\/\/pqc.es\/en\/noticias\/celebracion-del-30-aniversario-de-pqc\/\" aria-label=\"Read more about Celebraci\u00f3n del 30 aniversario de PQC\" tabindex=\"-1\" >\n\t\t\tRead more \u00bb\t\t<\/a>\n\n\t\t\t\t\t<\/div>\n\t\t\t\t<\/div>\n\t\t\t\t<\/article>\n\t\t\t\t<article class=\"elementor-post elementor-grid-item post-17833 noticias type-noticias status-publish hentry\" role=\"listitem\">\n\t\t\t\t<div class=\"elementor-post__text\">\n\t\t\t\t<h2 class=\"elementor-post__title\">\n\t\t\t<a href=\"https:\/\/pqc.es\/en\/noticias\/reunion-de-pqc-espana\/\" >\n\t\t\t\tReuni\u00f3n de PQC Espa\u00f1a\t\t\t<\/a>\n\t\t<\/h2>\n\t\t\t\t<div class=\"elementor-post__meta-data\">\n\t\t\t\t\t<span class=\"elementor-post-date\">\n\t\t\t07\/11\/2025\t\t<\/span>\n\t\t\t\t<\/div>\n\t\t\t\t<div class=\"elementor-post__excerpt\">\n\t\t\t<p>\u00a1Cerrando 2025 en equipo!<\/p>\n\t\t<\/div>\n\t\t\t\t\t<div class=\"elementor-post__read-more-wrapper\">\n\t\t\n\t\t<a class=\"elementor-post__read-more\" href=\"https:\/\/pqc.es\/en\/noticias\/reunion-de-pqc-espana\/\" aria-label=\"Read more about Reuni\u00f3n de PQC Espa\u00f1a\" tabindex=\"-1\" >\n\t\t\tRead more \u00bb\t\t<\/a>\n\n\t\t\t\t\t<\/div>\n\t\t\t\t<\/div>\n\t\t\t\t<\/article>\n\t\t\t\t<article class=\"elementor-post elementor-grid-item post-17832 noticias type-noticias status-publish hentry\" role=\"listitem\">\n\t\t\t\t<div class=\"elementor-post__text\">\n\t\t\t\t<h2 class=\"elementor-post__title\">\n\t\t\t<a href=\"https:\/\/pqc.es\/en\/noticias\/jornada-inteligencia-transformadora-en-las-ciudades\/\" >\n\t\t\t\tJornada &#8220;Inteligencia Transformadora en las Ciudades&#8221;\t\t\t<\/a>\n\t\t<\/h2>\n\t\t\t\t<div class=\"elementor-post__meta-data\">\n\t\t\t\t\t<span class=\"elementor-post-date\">\n\t\t\t04\/11\/2025\t\t<\/span>\n\t\t\t\t<\/div>\n\t\t\t\t<div class=\"elementor-post__excerpt\">\n\t\t\t<p>Evento en Bilbao que conmemor\u00f3 el D\u00eda Mundial de las Ciudades<\/p>\n\t\t<\/div>\n\t\t\t\t\t<div class=\"elementor-post__read-more-wrapper\">\n\t\t\n\t\t<a class=\"elementor-post__read-more\" href=\"https:\/\/pqc.es\/en\/noticias\/jornada-inteligencia-transformadora-en-las-ciudades\/\" aria-label=\"Read more about Jornada &#8220;Inteligencia Transformadora en las Ciudades&#8221;\" tabindex=\"-1\" >\n\t\t\tRead more \u00bb\t\t<\/a>\n\n\t\t\t\t\t<\/div>\n\t\t\t\t<\/div>\n\t\t\t\t<\/article>\n\t\t\t\t<article class=\"elementor-post elementor-grid-item post-17831 noticias type-noticias status-publish hentry\" role=\"listitem\">\n\t\t\t\t<div class=\"elementor-post__text\">\n\t\t\t\t<h2 class=\"elementor-post__title\">\n\t\t\t<a href=\"https:\/\/pqc.es\/en\/noticias\/entrega-de-la-placa-tier-iv-a-adi\/\" >\n\t\t\t\tEntrega de la placa Tier IV a ADI\t\t\t<\/a>\n\t\t<\/h2>\n\t\t\t\t<div class=\"elementor-post__meta-data\">\n\t\t\t\t\t<span class=\"elementor-post-date\">\n\t\t\t22\/10\/2025\t\t<\/span>\n\t\t\t\t<\/div>\n\t\t\t\t<div class=\"elementor-post__excerpt\">\n\t\t\t<p>Acto de la entrega f\u00edsica del sello de certificaci\u00f3n Tier IV<\/p>\n\t\t<\/div>\n\t\t\t\t\t<div class=\"elementor-post__read-more-wrapper\">\n\t\t\n\t\t<a class=\"elementor-post__read-more\" href=\"https:\/\/pqc.es\/en\/noticias\/entrega-de-la-placa-tier-iv-a-adi\/\" aria-label=\"Read more about Entrega de la placa Tier IV a ADI\" tabindex=\"-1\" >\n\t\t\tRead more \u00bb\t\t<\/a>\n\n\t\t\t\t\t<\/div>\n\t\t\t\t<\/div>\n\t\t\t\t<\/article>\n\t\t\t\t<article class=\"elementor-post elementor-grid-item post-17830 noticias type-noticias status-publish hentry\" role=\"listitem\">\n\t\t\t\t<div class=\"elementor-post__text\">\n\t\t\t\t<h2 class=\"elementor-post__title\">\n\t\t\t<a href=\"https:\/\/pqc.es\/en\/noticias\/nutrida-participacion-de-pqc-en-el-congreso-de-spain-dc\/\" >\n\t\t\t\tNutrida participaci\u00f3n de PQC en el Congreso de SPAIN DC\t\t\t<\/a>\n\t\t<\/h2>\n\t\t\t\t<div class=\"elementor-post__meta-data\">\n\t\t\t\t\t<span class=\"elementor-post-date\">\n\t\t\t16\/10\/2025\t\t<\/span>\n\t\t\t\t<\/div>\n\t\t\t\t<div class=\"elementor-post__excerpt\">\n\t\t\t<p>La capital acoge la quinta edici\u00f3n de este evento anual, convirti\u00e9ndose as\u00ed en el escenario principal de este<\/p>\n\t\t<\/div>\n\t\t\t\t\t<div class=\"elementor-post__read-more-wrapper\">\n\t\t\n\t\t<a class=\"elementor-post__read-more\" href=\"https:\/\/pqc.es\/en\/noticias\/nutrida-participacion-de-pqc-en-el-congreso-de-spain-dc\/\" aria-label=\"Read more about Nutrida participaci\u00f3n de PQC en el Congreso de SPAIN DC\" tabindex=\"-1\" >\n\t\t\tRead more \u00bb\t\t<\/a>\n\n\t\t\t\t\t<\/div>\n\t\t\t\t<\/div>\n\t\t\t\t<\/article>\n\t\t\t\t<article class=\"elementor-post elementor-grid-item post-17829 noticias type-noticias status-publish hentry\" role=\"listitem\">\n\t\t\t\t<div class=\"elementor-post__text\">\n\t\t\t\t<h2 class=\"elementor-post__title\">\n\t\t\t<a href=\"https:\/\/pqc.es\/en\/noticias\/adi-dce-obtiene-la-certificacion-tier-iv-para-su-centro-de-datos\/\" >\n\t\t\t\tADI-DCE obtiene la certificaci\u00f3n Tier IV para su centro de datos.\t\t\t<\/a>\n\t\t<\/h2>\n\t\t\t\t<div class=\"elementor-post__meta-data\">\n\t\t\t\t\t<span class=\"elementor-post-date\">\n\t\t\t02\/06\/2025\t\t<\/span>\n\t\t\t\t<\/div>\n\t\t\t\t<div class=\"elementor-post__excerpt\">\n\t\t\t<p>Uptime Institute concede el sello Tier IV Facility al data center de ADI-DCE (Atlantic Data Infrastructure \u2013 Data Center Euskadi).<\/p>\n\t\t<\/div>\n\t\t\t\t\t<div class=\"elementor-post__read-more-wrapper\">\n\t\t\n\t\t<a class=\"elementor-post__read-more\" href=\"https:\/\/pqc.es\/en\/noticias\/adi-dce-obtiene-la-certificacion-tier-iv-para-su-centro-de-datos\/\" aria-label=\"Read more about ADI-DCE obtiene la certificaci\u00f3n Tier IV para su centro de datos.\" tabindex=\"-1\" >\n\t\t\tRead more \u00bb\t\t<\/a>\n\n\t\t\t\t\t<\/div>\n\t\t\t\t<\/div>\n\t\t\t\t<\/article>\n\t\t\t\t<article class=\"elementor-post elementor-grid-item post-17827 noticias type-noticias status-publish hentry\" role=\"listitem\">\n\t\t\t\t<div class=\"elementor-post__text\">\n\t\t\t\t<h2 class=\"elementor-post__title\">\n\t\t\t<a href=\"https:\/\/pqc.es\/en\/noticias\/dcm-awards-2025\/\" >\n\t\t\t\tDCM Awards 2025\t\t\t<\/a>\n\t\t<\/h2>\n\t\t\t\t<div class=\"elementor-post__meta-data\">\n\t\t\t\t\t<span class=\"elementor-post-date\">\n\t\t\t31\/01\/2025\t\t<\/span>\n\t\t\t\t<\/div>\n\t\t\t\t<div class=\"elementor-post__excerpt\">\n\t\t\t<p>Nuevo galard\u00f3n en categor\u00eda de \u201cMejora de las Capacidades de Potencia\u201d<\/p>\n\t\t<\/div>\n\t\t\t\t\t<div class=\"elementor-post__read-more-wrapper\">\n\t\t\n\t\t<a class=\"elementor-post__read-more\" href=\"https:\/\/pqc.es\/en\/noticias\/dcm-awards-2025\/\" aria-label=\"Read more about DCM Awards 2025\" tabindex=\"-1\" >\n\t\t\tRead more \u00bb\t\t<\/a>\n\n\t\t\t\t\t<\/div>\n\t\t\t\t<\/div>\n\t\t\t\t<\/article>\n\t\t\t\t<article class=\"elementor-post elementor-grid-item post-17826 noticias type-noticias status-publish hentry\" role=\"listitem\">\n\t\t\t\t<div class=\"elementor-post__text\">\n\t\t\t\t<h2 class=\"elementor-post__title\">\n\t\t\t<a href=\"https:\/\/pqc.es\/en\/noticias\/demos-la-bienvenida-al-20x\/\" >\n\t\t\t\tDemos la bienvenida al 20X\t\t\t<\/a>\n\t\t<\/h2>\n\t\t\t\t<div class=\"elementor-post__meta-data\">\n\t\t\t\t\t<span class=\"elementor-post-date\">\n\t\t\t10\/01\/2025\t\t<\/span>\n\t\t\t\t<\/div>\n\t\t\t\t<div class=\"elementor-post__excerpt\">\n\t\t\t<p>Estableciendo una correspondencia entre letras y n\u00fameros, ya que el lugar 24 del abecedario lo ocupa la W, al a\u00f1o pasado se nos ocurri\u00f3 denominarlo como 20W, la doble uve de Voltios Verdes.<\/p>\n\t\t<\/div>\n\t\t\t\t\t<div class=\"elementor-post__read-more-wrapper\">\n\t\t\n\t\t<a class=\"elementor-post__read-more\" href=\"https:\/\/pqc.es\/en\/noticias\/demos-la-bienvenida-al-20x\/\" aria-label=\"Read more about Demos la bienvenida al 20X\" tabindex=\"-1\" >\n\t\t\tRead more \u00bb\t\t<\/a>\n\n\t\t\t\t\t<\/div>\n\t\t\t\t<\/div>\n\t\t\t\t<\/article>\n\t\t\t\t<\/div>\n\t\t\n\t\t\t\t<div class=\"e-load-more-anchor\" data-page=\"1\" data-max-page=\"11\" data-next-page=\"https:\/\/pqc.es\/en\/wp-json\/wp\/v2\/pages\/20652\/page\/2\/\"><\/div>\n\t\t\t\t<nav class=\"elementor-pagination\" aria-label=\"Pagination\">\n\t\t\t<span class=\"page-numbers prev\">\u00ab Previous<\/span>\n<span aria-current=\"page\" class=\"page-numbers current\"><span class=\"elementor-screen-only\">Page<\/span>1<\/span>\n<a class=\"page-numbers\" href=\"https:\/\/pqc.es\/en\/wp-json\/wp\/v2\/pages\/20652\/page\/2\/\"><span class=\"elementor-screen-only\">Page<\/span>2<\/a>\n<a class=\"page-numbers\" href=\"https:\/\/pqc.es\/en\/wp-json\/wp\/v2\/pages\/20652\/page\/3\/\"><span class=\"elementor-screen-only\">Page<\/span>3<\/a>\n<a class=\"page-numbers\" href=\"https:\/\/pqc.es\/en\/wp-json\/wp\/v2\/pages\/20652\/page\/4\/\"><span class=\"elementor-screen-only\">Page<\/span>4<\/a>\n<a class=\"page-numbers\" href=\"https:\/\/pqc.es\/en\/wp-json\/wp\/v2\/pages\/20652\/page\/5\/\"><span class=\"elementor-screen-only\">Page<\/span>5<\/a>\n<a class=\"page-numbers next\" href=\"https:\/\/pqc.es\/en\/wp-json\/wp\/v2\/pages\/20652\/page\/2\/\">Next \u00bb<\/a>\t\t<\/nav>\n\t\t\t\t\t\t<\/div>\n\t\t\t\t<\/div>\n\t\t\t\t<\/div>\n\t\t\t\t<\/div>\n\t\t\t\t<\/div>\n\t\t","protected":false},"excerpt":{"rendered":"<p>FEATURED NEWS<\/p>\n","protected":false},"author":1,"featured_media":0,"parent":0,"menu_order":0,"comment_status":"closed","ping_status":"closed","template":"page-full-width.php","meta":{"_acf_changed":false,"footnotes":""},"class_list":["post-20652","page","type-page","status-publish","hentry"],"acf":[],"yoast_head":"<!-- This site is optimized with the Yoast SEO plugin v27.2 - https:\/\/yoast.com\/product\/yoast-seo-wordpress\/ -->\n<title>Latest News - PQC<\/title>\n<meta name=\"robots\" content=\"index, follow, max-snippet:-1, max-image-preview:large, max-video-preview:-1\" \/>\n<link rel=\"canonical\" href=\"https:\/\/pqc.es\/en\/latest-news\/\" \/>\n<meta property=\"og:locale\" content=\"en_US\" \/>\n<meta property=\"og:type\" content=\"article\" \/>\n<meta property=\"og:title\" content=\"Latest News - PQC\" \/>\n<meta property=\"og:description\" content=\"FEATURED NEWS\" \/>\n<meta property=\"og:url\" content=\"https:\/\/pqc.es\/en\/latest-news\/\" \/>\n<meta property=\"og:site_name\" content=\"PQC\" \/>\n<meta property=\"article:modified_time\" content=\"2026-03-18T18:02:44+00:00\" \/>\n<meta property=\"og:image\" content=\"https:\/\/pqc.es\/wp-content\/uploads\/2026\/03\/IMAGEN_DEL_SITIO.png\" \/>\n\t<meta property=\"og:image:width\" content=\"1200\" \/>\n\t<meta property=\"og:image:height\" content=\"625\" \/>\n\t<meta property=\"og:image:type\" content=\"image\/png\" \/>\n<meta name=\"twitter:card\" content=\"summary_large_image\" \/>\n<script type=\"application\/ld+json\" class=\"yoast-schema-graph\">{\"@context\":\"https:\/\/schema.org\",\"@graph\":[{\"@type\":\"WebPage\",\"@id\":\"https:\/\/pqc.es\/en\/latest-news\/\",\"url\":\"https:\/\/pqc.es\/en\/latest-news\/\",\"name\":\"Latest News - PQC\",\"isPartOf\":{\"@id\":\"https:\/\/pqc.es\/#website\"},\"datePublished\":\"2026-02-23T10:35:05+00:00\",\"dateModified\":\"2026-03-18T18:02:44+00:00\",\"breadcrumb\":{\"@id\":\"https:\/\/pqc.es\/en\/latest-news\/#breadcrumb\"},\"inLanguage\":\"en-US\",\"potentialAction\":[{\"@type\":\"ReadAction\",\"target\":[\"https:\/\/pqc.es\/en\/latest-news\/\"]}]},{\"@type\":\"BreadcrumbList\",\"@id\":\"https:\/\/pqc.es\/en\/latest-news\/#breadcrumb\",\"itemListElement\":[{\"@type\":\"ListItem\",\"position\":1,\"name\":\"Portada\",\"item\":\"https:\/\/pqc.es\/en\/home\/\"},{\"@type\":\"ListItem\",\"position\":2,\"name\":\"Latest News\"}]},{\"@type\":\"WebSite\",\"@id\":\"https:\/\/pqc.es\/#website\",\"url\":\"https:\/\/pqc.es\/\",\"name\":\"PQC\",\"description\":\"Consultor\u00eda, dise\u00f1o y operaci\u00f3n de Data Centers\",\"publisher\":{\"@id\":\"https:\/\/pqc.es\/#organization\"},\"alternateName\":\"PQC Data Centers\",\"potentialAction\":[{\"@type\":\"SearchAction\",\"target\":{\"@type\":\"EntryPoint\",\"urlTemplate\":\"https:\/\/pqc.es\/?s={search_term_string}\"},\"query-input\":{\"@type\":\"PropertyValueSpecification\",\"valueRequired\":true,\"valueName\":\"search_term_string\"}}],\"inLanguage\":\"en-US\"},{\"@type\":\"Organization\",\"@id\":\"https:\/\/pqc.es\/#organization\",\"name\":\"PQC Data Centers\",\"alternateName\":\"PQC\",\"url\":\"https:\/\/pqc.es\/\",\"logo\":{\"@type\":\"ImageObject\",\"inLanguage\":\"en-US\",\"@id\":\"https:\/\/pqc.es\/#\/schema\/logo\/image\/\",\"url\":\"https:\/\/pqc.es\/wp-content\/uploads\/2026\/02\/LOGO-PQC.svg\",\"contentUrl\":\"https:\/\/pqc.es\/wp-content\/uploads\/2026\/02\/LOGO-PQC.svg\",\"width\":168,\"height\":40,\"caption\":\"PQC Data Centers\"},\"image\":{\"@id\":\"https:\/\/pqc.es\/#\/schema\/logo\/image\/\"},\"sameAs\":[\"https:\/\/www.linkedin.com\/company\/pqc\/posts\/?feedView=all\"]}]}<\/script>\n<!-- \/ Yoast SEO plugin. -->","yoast_head_json":{"title":"Latest News - PQC","robots":{"index":"index","follow":"follow","max-snippet":"max-snippet:-1","max-image-preview":"max-image-preview:large","max-video-preview":"max-video-preview:-1"},"canonical":"https:\/\/pqc.es\/en\/latest-news\/","og_locale":"en_US","og_type":"article","og_title":"Latest News - PQC","og_description":"FEATURED NEWS","og_url":"https:\/\/pqc.es\/en\/latest-news\/","og_site_name":"PQC","article_modified_time":"2026-03-18T18:02:44+00:00","og_image":[{"width":1200,"height":625,"url":"https:\/\/pqc.es\/wp-content\/uploads\/2026\/03\/IMAGEN_DEL_SITIO.png","type":"image\/png"}],"twitter_card":"summary_large_image","schema":{"@context":"https:\/\/schema.org","@graph":[{"@type":"WebPage","@id":"https:\/\/pqc.es\/en\/latest-news\/","url":"https:\/\/pqc.es\/en\/latest-news\/","name":"Latest News - PQC","isPartOf":{"@id":"https:\/\/pqc.es\/#website"},"datePublished":"2026-02-23T10:35:05+00:00","dateModified":"2026-03-18T18:02:44+00:00","breadcrumb":{"@id":"https:\/\/pqc.es\/en\/latest-news\/#breadcrumb"},"inLanguage":"en-US","potentialAction":[{"@type":"ReadAction","target":["https:\/\/pqc.es\/en\/latest-news\/"]}]},{"@type":"BreadcrumbList","@id":"https:\/\/pqc.es\/en\/latest-news\/#breadcrumb","itemListElement":[{"@type":"ListItem","position":1,"name":"Portada","item":"https:\/\/pqc.es\/en\/home\/"},{"@type":"ListItem","position":2,"name":"Latest News"}]},{"@type":"WebSite","@id":"https:\/\/pqc.es\/#website","url":"https:\/\/pqc.es\/","name":"PQC","description":"Consultor\u00eda, dise\u00f1o y operaci\u00f3n de Data Centers","publisher":{"@id":"https:\/\/pqc.es\/#organization"},"alternateName":"PQC Data Centers","potentialAction":[{"@type":"SearchAction","target":{"@type":"EntryPoint","urlTemplate":"https:\/\/pqc.es\/?s={search_term_string}"},"query-input":{"@type":"PropertyValueSpecification","valueRequired":true,"valueName":"search_term_string"}}],"inLanguage":"en-US"},{"@type":"Organization","@id":"https:\/\/pqc.es\/#organization","name":"PQC Data Centers","alternateName":"PQC","url":"https:\/\/pqc.es\/","logo":{"@type":"ImageObject","inLanguage":"en-US","@id":"https:\/\/pqc.es\/#\/schema\/logo\/image\/","url":"https:\/\/pqc.es\/wp-content\/uploads\/2026\/02\/LOGO-PQC.svg","contentUrl":"https:\/\/pqc.es\/wp-content\/uploads\/2026\/02\/LOGO-PQC.svg","width":168,"height":40,"caption":"PQC Data Centers"},"image":{"@id":"https:\/\/pqc.es\/#\/schema\/logo\/image\/"},"sameAs":["https:\/\/www.linkedin.com\/company\/pqc\/posts\/?feedView=all"]}]}},"_links":{"self":[{"href":"https:\/\/pqc.es\/en\/wp-json\/wp\/v2\/pages\/20652","targetHints":{"allow":["GET"]}}],"collection":[{"href":"https:\/\/pqc.es\/en\/wp-json\/wp\/v2\/pages"}],"about":[{"href":"https:\/\/pqc.es\/en\/wp-json\/wp\/v2\/types\/page"}],"author":[{"embeddable":true,"href":"https:\/\/pqc.es\/en\/wp-json\/wp\/v2\/users\/1"}],"replies":[{"embeddable":true,"href":"https:\/\/pqc.es\/en\/wp-json\/wp\/v2\/comments?post=20652"}],"version-history":[{"count":3,"href":"https:\/\/pqc.es\/en\/wp-json\/wp\/v2\/pages\/20652\/revisions"}],"predecessor-version":[{"id":20655,"href":"https:\/\/pqc.es\/en\/wp-json\/wp\/v2\/pages\/20652\/revisions\/20655"}],"wp:attachment":[{"href":"https:\/\/pqc.es\/en\/wp-json\/wp\/v2\/media?parent=20652"}],"curies":[{"name":"wp","href":"https:\/\/api.w.org\/{rel}","templated":true}]}}